{"id":1724,"date":"2024-04-22T18:47:06","date_gmt":"2024-04-22T16:47:06","guid":{"rendered":"https:\/\/test-interpharm.com\/?page_id=1724"},"modified":"2024-09-17T10:48:11","modified_gmt":"2024-09-17T08:48:11","slug":"our-partners","status":"publish","type":"page","link":"https:\/\/test-interpharm.com\/tr\/our-partners\/","title":{"rendered":"\u0130\u015f Ortaklar\u0131m\u0131z"},"content":{"rendered":"","protected":true},"excerpt":{"rendered":"","protected":true},"author":1,"featured_media":0,"parent":0,"menu_order":0,"comment_status":"closed","ping_status":"closed","template":"","meta":{"site-sidebar-layout":"no-sidebar","site-content-layout":"page-builder","ast-site-content-layout":"full-width-container","site-content-style":"default","site-sidebar-style":"default","ast-global-header-display":"","ast-banner-title-visibility":"","ast-main-header-display":"","ast-hfb-above-header-display":"","ast-hfb-below-header-display":"","ast-hfb-mobile-header-display":"","site-post-title":"disabled","ast-breadcrumbs-content":"","ast-featured-img":"disabled","footer-sml-layout":"","theme-transparent-header-meta":"","adv-header-id-meta":"","stick-header-meta":"","header-above-stick-meta":"","header-main-stick-meta":"","header-below-stick-meta":"","astra-migrate-meta-layouts":"set","ast-page-background-enabled":"default","ast-page-background-meta":{"desktop":{"background-color":"","background-image":"","background-repeat":"repeat","background-position":"center center","background-size":"auto","background-attachment":"scroll","background-type":"","background-media":"","overlay-type":"","overlay-color":"","overlay-gradient":""},"tablet":{"background-color":"","background-image":"","background-repeat":"repeat","background-position":"center center","background-size":"auto","background-attachment":"scroll","background-type":"","background-media":"","overlay-type":"","overlay-color":"","overlay-gradient":""},"mobile":{"background-color":"","background-image":"","background-repeat":"repeat","background-position":"center center","background-size":"auto","background-attachment":"scroll","background-type":"","background-media":"","overlay-type":"","overlay-color":"","overlay-gradient":""}},"ast-content-background-meta":{"desktop":{"background-color":"var(--ast-global-color-5)","background-image":"","background-repeat":"repeat","background-position":"center center","background-size":"auto","background-attachment":"scroll","background-type":"","background-media":"","overlay-type":"","overlay-color":"","overlay-gradient":""},"tablet":{"background-color":"var(--ast-global-color-5)","background-image":"","background-repeat":"repeat","background-position":"center center","background-size":"auto","background-attachment":"scroll","background-type":"","background-media":"","overlay-type":"","overlay-color":"","overlay-gradient":""},"mobile":{"background-color":"var(--ast-global-color-5)","background-image":"","background-repeat":"repeat","background-position":"center center","background-size":"auto","background-attachment":"scroll","background-type":"","background-media":"","overlay-type":"","overlay-color":"","overlay-gradient":""}},"_ti_tpc_template_sync":false,"_ti_tpc_template_id":"","footnotes":""},"class_list":["post-1724","page","type-page","status-publish","post-password-required","hentry"],"rttpg_featured_image_url":null,"rttpg_author":{"display_name":"Emir Aslan","author_link":"https:\/\/test-interpharm.com\/tr\/author\/interpharm-webseite\/"},"rttpg_comment":0,"rttpg_category":null,"rttpg_excerpt":"Burada al\u0131nt\u0131 yok \u00e7\u00fcnk\u00fc bu yaz\u0131 korumal\u0131.","_links":{"self":[{"href":"https:\/\/test-interpharm.com\/tr\/wp-json\/wp\/v2\/pages\/1724","targetHints":{"allow":["GET"]}}],"collection":[{"href":"https:\/\/test-interpharm.com\/tr\/wp-json\/wp\/v2\/pages"}],"about":[{"href":"https:\/\/test-interpharm.com\/tr\/wp-json\/wp\/v2\/types\/page"}],"author":[{"embeddable":true,"href":"https:\/\/test-interpharm.com\/tr\/wp-json\/wp\/v2\/users\/1"}],"replies":[{"embeddable":true,"href":"https:\/\/test-interpharm.com\/tr\/wp-json\/wp\/v2\/comments?post=1724"}],"version-history":[{"count":10,"href":"https:\/\/test-interpharm.com\/tr\/wp-json\/wp\/v2\/pages\/1724\/revisions"}],"predecessor-version":[{"id":4076,"href":"https:\/\/test-interpharm.com\/tr\/wp-json\/wp\/v2\/pages\/1724\/revisions\/4076"}],"wp:attachment":[{"href":"https:\/\/test-interpharm.com\/tr\/wp-json\/wp\/v2\/media?parent=1724"}],"curies":[{"name":"wp","href":"https:\/\/api.w.org\/{rel}","templated":true}]}}